{"id":9684,"date":"2026-03-10T17:17:26","date_gmt":"2026-03-10T17:17:26","guid":{"rendered":"https:\/\/mocell.intagono.com.mx\/?page_id=9684"},"modified":"2026-03-10T17:21:38","modified_gmt":"2026-03-10T17:21:38","slug":"aviso-de-privacidad","status":"publish","type":"page","link":"https:\/\/mocell.mx\/webinars\/aviso-de-privacidad\/","title":{"rendered":"Aviso de privacidad"},"content":{"rendered":"<div class=\"wpb-content-wrapper\"><p>[vc_row][vc_column]\n\t\t<div id=\"wd-69b052437fd27\" class=\"title-wrapper wd-wpb wd-set-mb reset-last-child  wd-animation wd-transform wd-animation-slide-from-left wd-animation-normal wd-rs-69b052437fd27 wd-title-color-default wd-title-style-default text-center  wd-underline-colored\">\n\t\t\t\n\t\t\t<div class=\"liner-continer\">\n\t\t\t\t<h1 class=\"woodmart-title-container title  wd-font-weight- wd-fontsize-l\" >Aviso de privacidad<\/h1>\n\t\t\t\t\t\t\t<\/div>\n\t\t\t\n\t\t\t\n\t\t\t\n\t\t<\/div>\n\t\t\n\t\t\t\t<div id=\"wd-69b053194e478\" class=\"wd-text-block wd-wpb reset-last-child wd-rs-69b053194e478 text-left \">\n\t\t\t<p>En cumplimiento a la Ley Federal de Protecci\u00f3n de Datos Personales en Posesi\u00f3n de Particulares y su Ley Reglamentaria, ponemos a disposici\u00f3n de nuestros Prospectos, Clientes, Visitantes y Proveedores el presente Aviso de Privacidad.<\/p>\n<h2>IDENTIDAD Y DOMICILIO DE \u201cEL RESPONSABLE\u201d<\/h2>\n<p>MOCELL STEM CELLS SA DE CV, mejor conocido como \u201cMOCELL STEM CELLS\u201d, con domicilio en AVENIDA DE LA MANCHA #766A, COL LOMAS DE ZAPOPAN, CP. 45130, ZAPOPAN, JALISCO, M\u00c9XICO, es El Responsable del tratamiento, confidencialidad, uso y protecci\u00f3n de los datos personales que nos proporcione y le informamos que \u00e9stos ser\u00e1n utilizados \u00fanica y exclusivamente para los siguientes fines y conforme al presente Aviso de Privacidad:<\/p>\n<ul>\n<li><strong>Tel\u00e9fono de El Responsable:<\/strong> Del interior: (33) 3343577463<\/li>\n<li><strong>Correo de El Responsable:<\/strong> contacto@mocell.mx<\/li>\n<li><strong>Portal de Internet:<\/strong> www.mocell.mx<\/li>\n<\/ul>\n<h2>FINALIDADES DEL TRATAMIENTO DE DATOS PERSONALES<\/h2>\n<p>Los datos personales que recabamos de Usted, los utilizaremos para las siguientes finalidades principales y\/o primarias, las cuales son necesarias para proporcionarle nuestros productos y\/o servicios:<\/p>\n<ul>\n<li>Proporcionarle nuestros productos y\/o servicios cuando Usted los solicita.<\/li>\n<li>Responder a sus dudas, comentarios y seguimiento a cualquier solicitud que nos haga a trav\u00e9s de nuestro Portal de Internet: www.mocell.mx en el apartado de Contacto.<\/li>\n<li>Contactarle para dar seguimiento a su solicitud en nuestros productos y\/o servicios.<\/li>\n<li>Dar cumplimiento a las obligaciones derivadas de una relaci\u00f3n jur\u00eddica que con Usted se tenga o se llegase a tener.<\/li>\n<li>Llevar un archivo de registros y expediente de la relaci\u00f3n contractual para seguimiento de servicios futuros.<\/li>\n<li>Utilizarlos en cualquier tipo de acto o diligencia de cobranza judicial y\/o extrajudicial derivado de la relaci\u00f3n contractual.<\/li>\n<li>La informaci\u00f3n personal que los proveedores proporcionen a El Responsable es para efectos de verificar si cumple con los requisitos necesarios para ser proveedor; para conocer su capacidad de servicios; los recursos materiales y humanos con los que cuenta, su capacidad y experiencia en el ramo al cual pertenece y, en su caso, para recibir los servicios y productos brindados por Usted.<\/li>\n<li>Atender sus llamadas y proporcionar soporte de nuestros servicios.<\/li>\n<li>Procesar, completar, modificar, actualizar, cancelar los servicios contratados ya sea por tel\u00e9fono, de manera presencial, por escrito o correo electr\u00f3nico.<\/li>\n<li>Gestionar y recibir pagos conforme a la relaci\u00f3n jur\u00eddica que con usted se tenga o se llegase a tener.<\/li>\n<li>Elaborar, gestionar, enviar y cobrar facturas fiscales por Internet.<\/li>\n<li>Atender requerimientos legales de Autoridades para el caso de cumplimiento de Leyes, Reglamentos y cualquier otra disposici\u00f3n aplicable.<\/li>\n<li>Informar sobre nuevos servicios o productos relacionados con servicios prestados anteriormente.<\/li>\n<li>Controlar el acceso de visitas.<\/li>\n<li>Controlar la seguridad de la empresa, le informamos que Usted est\u00e1 siendo video grabado por las c\u00e1maras de seguridad. Dichas im\u00e1genes ser\u00e1n utilizadas por motivos de seguridad para nuestros prospectos, clientes, visitantes y proveedores. Los datos mencionados se mantendr\u00e1n durante 120 d\u00edas naturales y se proceder\u00e1 a su cancelaci\u00f3n. Las grabaciones se guardan en un \u00e1rea segura de acceso restringido a Directivos, Gerentes, y en su caso, a las autoridades competentes que mediante una orden judicial sean requeridas a El Responsable.<\/li>\n<\/ul>\n<p>Adicionalmente, como Finalidades Secundarias o Accesorias, es decir, que no son necesarias pero que nos permiten brindarle un mejor servicio, sus datos personales ser\u00e1n utilizados para:<\/p>\n<ul>\n<li>Informarle sobre nuevos productos y\/o servicios, cambios en los mismos y promociones.<\/li>\n<li>Para enviarle publicidad generalizada y\/o personalizada para fines de mercadotecnia y estad\u00edsticos.<\/li>\n<li>Para invitarlo a participar en promociones, ofertas y campa\u00f1as de publicidad propias o de terceros.<\/li>\n<li>Elaborar estudios y programas que son necesarios para determinar h\u00e1bitos de uso y consumo.<\/li>\n<li>Consultarle sobre la calidad de nuestro servicio y comprender las necesidades espec\u00edficas de Usted, y as\u00ed poderle prestar un mejor servicio.<\/li>\n<\/ul>\n<p>Sus Datos Personales ser\u00e1n tratados \u00fanicamente por el tiempo necesario a fin de cumplir con las finalidades descritas en el presente Aviso de Privacidad que se ponga a su disposici\u00f3n, y en su caso conforme lo establecen las disposiciones legales respectivas.<\/p>\n<p><strong>Seguridad y Protecci\u00f3n de Datos Personales:<\/strong> Los datos personales que proporcione a El Responsable se encontrar\u00e1n debidamente protegidos a trav\u00e9s de medidas de seguridad tecnol\u00f3gicas, f\u00edsicas y administrativas, as\u00ed como mecanismos dise\u00f1ados para proteger los datos personales de da\u00f1o, p\u00e9rdida, alteraci\u00f3n, destrucci\u00f3n o uso no autorizado, acceso o procesamiento. Sus datos personales s\u00f3lo estar\u00e1n disponibles al personal autorizado por El Responsable para el procesamiento de la informaci\u00f3n y s\u00f3lo para las finalidades descritas en este aviso. Cuando ya no sea necesario para los objetivos descritos anteriormente, sus datos personales ser\u00e1n cancelados por El Responsable salvo que sean legalmente requeridos.<\/p>\n<h2>MECANISMO PARA QUE EL TITULAR PUEDA MANIFESTAR SU NEGATIVA PARA FINALIDADES SECUNDARIAS O ACCESORIAS<\/h2>\n<p>En caso de que no desee que sus datos personales sean tratados para todas o algunas de las finalidades secundarias o accesorias, Usted puede negarnos su consentimiento desde este momento enviando su solicitud al correo de El Responsable. Su negativa en este sentido no ser\u00e1 motivo para dejar de proporcionarle nuestros productos y\/o servicios y realizar las dem\u00e1s finalidades principales contenidas en este Aviso de Privacidad.<\/p>\n<h2>LOS DATOS PERSONALES TRATADOS<\/h2>\n<p>Los medios para recabar datos personales, con las finalidades descritas en el presente aviso de privacidad son:<\/p>\n<ul>\n<li>De forma personal cuando usted nos los proporciona en persona y\/o f\u00edsicamente.<\/li>\n<li>De forma directa, cuando usted nos los proporciona por medios electr\u00f3nicos, \u00f3pticos, sonoros, visuales, v\u00eda telef\u00f3nica, por medio de nuestro portal de internet o por medio de correo electr\u00f3nico.<\/li>\n<li>De forma indirecta, a trav\u00e9s de una fuente de acceso p\u00fablico o una transferencia.<\/li>\n<\/ul>\n<p>Para llevar a cabo las finalidades descritas en el presente Aviso de Privacidad, le informamos que utilizaremos los siguientes datos personales:<\/p>\n<ul>\n<li>Nombre(s).<\/li>\n<li>Apellido paterno, materno o raz\u00f3n social.<\/li>\n<li>Nombre(s), apellido paterno y materno del representante legal.<\/li>\n<li>Domicilio fiscal (calle, n\u00famero interior, exterior, colonia, delegaci\u00f3n o municipio, c\u00f3digo postal, Estado, Ciudad y Pa\u00eds).<\/li>\n<li>Registro Federal de Contribuyentes.<\/li>\n<li>Tax ID.<\/li>\n<li>Correo electr\u00f3nico.<\/li>\n<li>Tel\u00e9fono fijo y\/o m\u00f3vil.<\/li>\n<li>Acta constitutiva.<\/li>\n<li>Sitio web o portal de Internet.<\/li>\n<li>Identificaci\u00f3n en redes sociales (Twitter y Facebook).<\/li>\n<li>Datos financieros para realizar pagos (nombre de su Banco, n\u00famero de cuenta, clabe interbancaria, sucursal).<\/li>\n<li>Forma de pago a trav\u00e9s de nuestro portal de Internet Paypal (la informaci\u00f3n que proporcione no constituye ni forma parte de los Datos Personales sujetos a la protecci\u00f3n de este Aviso de Privacidad, siendo responsabilidad de la empresa prestadora de esa plataforma).<\/li>\n<\/ul>\n<p>El Responsable del tratamiento de Datos Personales conoce la importancia que tiene la protecci\u00f3n de los datos personales de los menores de edad o de personas que se encuentren en estado de interdicci\u00f3n o incapacidad establecida por la ley, por lo que El Responsable no obtiene, usa, divulga o almacena informaci\u00f3n relacionada con menores de edad o de personas que se encuentren en estado de interdicci\u00f3n o incapacidad establecida por la ley. Si Usted es padre, madre o tutor y tiene noticia de que alg\u00fan menor de edad o de personas que se encuentren en estado de interdicci\u00f3n o incapacidad establecida por la ley haya proporcionado sus datos personales sin su consentimiento, puede ejercer sus derechos conforme al numeral referente a medios y procedimiento para ejercer los \u201cDerechos ARCO\u201d.<\/p>\n<h2>DATOS PERSONALES SENSIBLES<\/h2>\n<p>Le informamos que El Responsable no recaba datos personales sensibles, entendi\u00e9ndose por ello como aquellos datos personales que afecten a la esfera m\u00e1s \u00edntima del titular, o cuya utilizaci\u00f3n indebida pueda dar origen a discriminaci\u00f3n o conlleve un riesgo grave para \u00e9ste. En particular, se consideran sensibles aquellos que puedan revelar aspectos como origen racial o \u00e9tnico, estado de salud presente y futuro, informaci\u00f3n gen\u00e9tica, creencias religiosas, filos\u00f3ficas y morales, afiliaci\u00f3n sindical, opiniones pol\u00edticas y preferencia sexual.<\/p>\n<h2>TRANSFERENCIA DE DATOS PERSONALES<\/h2>\n<p>\u00danicamente ser\u00e1n transferidos sus datos personales a terceros nacionales o extranjeros, que est\u00e9n relacionados jur\u00eddica o comercialmente con El Responsable para cumplir con las finalidades descritas en el Aviso de Privacidad y en sus actualizaciones puestas a su disposici\u00f3n, por lo que El Responsable podr\u00e1 transferir sus datos personales en los casos previstos y autorizados por la ley conforme a lo siguiente:<\/p>\n<ul>\n<li>Al Servicio de Administraci\u00f3n Tributaria, en virtud de los procesos de emisi\u00f3n y env\u00edo de facturas electr\u00f3nicas por Internet.<\/li>\n<li>A las personas morales o cualquier entidad que formen parte del mismo grupo econ\u00f3mico de control al que pertenece El Responsable.<\/li>\n<li>A compa\u00f1\u00edas afiliadas o no afiliadas que asisten, apoyan o coadyuvan a El Responsable.<\/li>\n<li>A las diferentes autoridades para el desahogo de requerimientos o contestaci\u00f3n de \u00e9stos en alg\u00fan tipo de legislaci\u00f3n o normatividad.<\/li>\n<li>A su Banco en caso de realizar el cobro de nuestros servicios.<\/li>\n<li>A Contadores y\/o Abogados para el manejo, control y registro conforme a la normativa aplicable de los movimientos u operaciones econ\u00f3micos que hace la empresa, as\u00ed como para salvaguardar nuestros derechos y de terceros.<\/li>\n<\/ul>\n<p>Le informamos que sus datos personales no ser\u00e1n comercializados, cedidos, traspasados o informados a terceros sin el consentimiento expreso y por escrito del Titular. Asimismo, en caso de que El Responsable llegare a transferir sus Datos Personales a alguno de sus proveedores con el fin de llevar a cabo las Finalidades del Tratamiento establecidas en el presente Aviso de Privacidad, lo har\u00e1 previa celebraci\u00f3n de convenios de confidencialidad y siempre y cuando:<\/p>\n<ul>\n<li>El proveedor o persona a quien se le transmitan acepte someter el tratamiento de los Datos Personales al presente Aviso de Privacidad.<\/li>\n<li>No se trate de alguno de los supuestos establecidos en el art\u00edculo 37 de la Ley y previo consentimiento expreso y por escrito.<\/li>\n<\/ul>\n<h2>CONSENTIMIENTO PARA TRANSFERENCIA DE DATOS PERSONALES<\/h2>\n<p>Le informamos que para la transferencia de datos personales descrita en el numeral anterior, no se requiere de su consentimiento, ya que las mismas se encuentran autorizadas por la legislaci\u00f3n vigente.<\/p>\n<h2>MEDIOS Y PROCEDIMIENTO PARA EJERCER LOS \u201cDERECHOS ARCO\u201d<\/h2>\n<p>Le informamos que Usted tiene derecho a conocer qu\u00e9 datos personales tenemos de Usted, para qu\u00e9 los utilizamos y las condiciones del uso que les damos (Acceso). Asimismo, es su derecho solicitar la correcci\u00f3n de su informaci\u00f3n personal en caso de que est\u00e9 desactualizada, sea inexacta o incompleta (Rectificaci\u00f3n); que la eliminemos de nuestros registros o bases de datos cuando considere que la misma no est\u00e1 siendo utilizada conforme a los principios, deberes y obligaciones previstas en la normativa (Cancelaci\u00f3n); as\u00ed como oponerse al uso de sus datos personales para fines espec\u00edficos (Oposici\u00f3n). Estos derechos se conocen como derechos ARCO.<\/p>\n<p>Para el ejercicio de cualquiera de los derechos ARCO usted podr\u00e1 solicitar informes Del interior al: (52)3343577463 en donde con gusto ser\u00e1 atendido. Para el ejercicio de Derechos ARCO le proporcionamos dos medios:<\/p>\n<ul>\n<li>Directamente en el domicilio de El Responsable se\u00f1alado en el numeral uno del presente aviso, en donde le proporcionar\u00e1n el formato de Solicitud de Derechos ARCO, as\u00ed como los requisitos y documentaci\u00f3n necesaria que debe adjuntar a la misma.<\/li>\n<li>Enviando un correo electr\u00f3nico (el cual solicitamos confirme v\u00eda telef\u00f3nica para garantizar su correcta recepci\u00f3n) a la siguiente direcci\u00f3n de correo electr\u00f3nico: contacto@mocell.mx, dirigiendo su petici\u00f3n a El Responsable de los Datos Personales y anexando los documentos que lo identifiquen como titular y cualquier otro que facilite la localizaci\u00f3n del dato personal del que ejerce el derecho. Asimismo, por medio de \u201cEl Portal\u201d que en la parte inferior del mismo encontrar\u00e1 el apartado de \u201cAviso de Privacidad\u201d y al dar clic encontrar\u00e1 un formato de Solicitud para el Ejercicio de Derechos ARCO para ser llenado y firmado con los datos solicitados y para finalizar podr\u00e1 adjuntar este formato previamente escaneado al correo de El Responsable.<\/li>\n<\/ul>\n<p><strong>Procedimiento y Requisitos para el Ejercicio de los Derechos ARCO:<\/strong> Para el ejercicio de los derechos referidos anteriormente, su petici\u00f3n deber\u00e1 ir acompa\u00f1ada por lo menos de la siguiente informaci\u00f3n:<\/p>\n<ul>\n<li>Nombre completo indicando si es prospecto, cliente, visitante o proveedor, as\u00ed como su domicilio completo.<\/li>\n<li>Documentos que acrediten la identidad o la representaci\u00f3n legal del titular de los datos personales.<\/li>\n<li>Descripci\u00f3n clara y precisa de los datos personales respecto de los que se busca ejercer alguno de los derechos mencionados por la Ley.<\/li>\n<li>Cualquier otro elemento o documento que facilite la localizaci\u00f3n de los datos personales.<\/li>\n<li>Aportar la documentaci\u00f3n que sustente su petici\u00f3n.<\/li>\n<li>Para el ejercicio de los derechos ARCO de datos personales de menores de edad o de personas que se encuentren en estado de interdicci\u00f3n o incapacidad establecida por la ley, se estar\u00e1 a las reglas de representaci\u00f3n dispuestas en el C\u00f3digo Civil Federal.<\/li>\n<li>En el caso de solicitudes de rectificaci\u00f3n, el titular deber\u00e1 indicar adem\u00e1s de los numerales 1 a 6 del presente apartado, las modificaciones a realizarse y aportar la documentaci\u00f3n que sustente su petici\u00f3n.<\/li>\n<\/ul>\n<p>El Responsable comunicar\u00e1 al titular, en un plazo m\u00e1ximo de veinte d\u00edas, contados desde la fecha en que se recibi\u00f3 la solicitud de acceso, rectificaci\u00f3n, cancelaci\u00f3n u oposici\u00f3n, la determinaci\u00f3n adoptada, a efecto de que si resulta procedente, se haga efectiva la misma dentro de los quince d\u00edas siguientes a la fecha en que se comunica la respuesta. Los plazos antes referidos podr\u00e1n ser ampliados una sola vez por un periodo igual, siempre y cuando as\u00ed lo justifiquen las circunstancias del caso. La entrega de los datos personales ser\u00e1 gratuita, debiendo cubrir el titular \u00fanicamente los gastos justificados de env\u00edo o con el costo de reproducci\u00f3n en copias u otros formatos.<\/p>\n<h2>MECANISMO PARA QUE EL TITULAR PUEDA REVOCAR SU CONSENTIMIENTO PARA EL USO DE SUS DATOS PERSONALES<\/h2>\n<p>Usted puede revocar el consentimiento que, en su caso, nos haya otorgado para el tratamiento de sus datos personales. Sin embargo, es importante que tenga en cuenta que no en todos los casos podremos atender su solicitud o concluir el uso de forma inmediata, ya que es posible que por alguna obligaci\u00f3n legal requiramos seguir tratando sus datos personales. Asimismo, usted deber\u00e1 considerar que para ciertos fines, la revocaci\u00f3n de su consentimiento implicar\u00e1 la conclusi\u00f3n de su relaci\u00f3n jur\u00eddica con nosotros.<\/p>\n<p>Para revocar su consentimiento Usted podr\u00e1 dirigir su petici\u00f3n directamente en el domicilio de El Responsable se\u00f1alado en el numeral 1 del presente aviso de privacidad, asimismo, podr\u00e1 enviar su solicitud respectiva en atenci\u00f3n a El Responsable de Datos Personales al siguiente correo electr\u00f3nico: contacto@mocell.mx (el cual solicitamos confirme v\u00eda telef\u00f3nica para garantizar su correcta recepci\u00f3n) y deber\u00e1 ingresar a \u201cEl Portal\u201d que en la parte inferior del mismo encontrar\u00e1 el apartado de \u201cAviso de Privacidad\u201d y al dar clic encontrar\u00e1 un formato de Solicitud para el Ejercicio de Derechos ARCO (que tambi\u00e9n puede ser utilizado para revocar el consentimiento) para ser llenado y firmado con los datos solicitados y para finalizar podr\u00e1 adjuntar este formato previamente escaneado al correo de El Responsable, as\u00ed como dem\u00e1s documentaci\u00f3n necesaria, indicando espec\u00edficamente para qu\u00e9 dato personal est\u00e1 solicitando su revocaci\u00f3n.<\/p>\n<h2>OPCIONES Y MEDIOS QUE EL RESPONSABLE OFRECE AL TITULAR PARA LIMITAR EL USO O DIVULGACI\u00d3N DE SUS DATOS PERSONALES<\/h2>\n<p>Con objeto de que Usted pueda limitar el uso y divulgaci\u00f3n de su informaci\u00f3n personal, le ofrecemos los siguientes medios:<\/p>\n<ul>\n<li>Su inscripci\u00f3n en el Registro P\u00fablico para Evitar Publicidad, que est\u00e1 a cargo de la Procuradur\u00eda Federal del Consumidor, con la finalidad de que sus datos personales no sean utilizados para recibir publicidad o promociones de empresas de bienes o servicios. Para mayor informaci\u00f3n usted puede consultar el portal de Internet de PROFECO (Procuradur\u00eda Federal del Consumidor), o bien ponerse en contacto directo con \u00e9sta.<\/li>\n<li>Su registro en el listado de exclusi\u00f3n cuyo nombre es \u201cListado de Exclusi\u00f3n de Datos Personales\u201d, a fin de que sus datos personales no sean tratados para fines mercadot\u00e9cnicos, publicitarios o de prospecci\u00f3n comercial por nuestra parte. Para mayor informaci\u00f3n dirigir su petici\u00f3n a El Responsable de Datos Personales al siguiente correo: contacto@mocell.mx<\/li>\n<\/ul>\n<h2>USO DE COOKIES, WEB BEACONS O CUALQUIER OTRA TECNOLOG\u00cdA AN\u00c1LOGA<\/h2>\n<p>Le informamos que El Responsable podr\u00e1 incorporar informaci\u00f3n del Portal al o en el equipo de c\u00f3mputo del Usuario y\/o del Usuario Registrado (en adelante \u201cCookies\u201d) cuando \u00e9ste o aquel acceda al Portal. Las Cookies s\u00f3lo contendr\u00e1n informaci\u00f3n del navegador de la computadora usada por el Usuario o por el Usuario Registrado, seg\u00fan sea el caso, por lo que ser\u00e1 an\u00f3nimo, ya que no se obtendr\u00e1 ni se proporcionar\u00e1 nombre y apellidos del Usuario o del Usuario Registrado a trav\u00e9s de las Cookies.<\/p>\n<p>Las Cookies facilitan a El Responsable la identificaci\u00f3n de los navegadores previamente registrados despu\u00e9s de que \u00e9stos se hayan registrado por primera vez, sin que tengan que registrarse en cada visita para acceder a las \u00e1reas y servicios reservados exclusivamente a ellos. El Usuario o el Usuario Registrado tiene, en todo momento, la opci\u00f3n de configurar su navegador para que \u00e9ste le notifique en pantalla la recepci\u00f3n de Cookies y, a su vez, impedir la instalaci\u00f3n de Cookies en el disco duro de su equipo de c\u00f3mputo.<\/p>\n<p>Las Cookies que sean utilizadas en el Portal podr\u00e1n ser enviadas por El Responsable, en cuyo caso se enviar\u00e1n desde los distintos servidores operados por \u00e9ste o, en su caso, desde los servidores de determinados terceros que presten los servicios y env\u00eden las cookies por cuenta de El Responsable. El Usuario o el Usuario Registrado, en todo momento, podr\u00e1 tener un mayor detalle de la informaci\u00f3n de los servidores que env\u00edan las Cookies. La informaci\u00f3n de las Cookies s\u00f3lo es de identificaci\u00f3n entre los sistemas inform\u00e1ticos y para mejorar el funcionamiento del Portal, por lo que no contienen Datos Personales.<\/p>\n<p><strong>Redes sociales:<\/strong> Las redes sociales (Meta y X\u00ae) constituyen una plataforma de comunicaci\u00f3n y de interconexi\u00f3n entre plataformas digitales de los distintos usuarios, son ajenas a El Responsable y por lo tanto, no se encuentran bajo su responsabilidad. La informaci\u00f3n que proporcione dentro de redes sociales en las que El Responsable participa como usuario, no constituye ni forma parte de los Datos Personales sujetos a la protecci\u00f3n de este Aviso de Privacidad, siendo responsabilidad de la empresa prestadora de esa plataforma y de quien lo publica.<\/p>\n<h2>CAMBIOS AL AVISO DE PRIVACIDAD<\/h2>\n<p>El presente Aviso de Privacidad puede sufrir modificaciones, cambios o actualizaciones derivadas de nuevos requerimientos legales; de nuestras propias necesidades por los productos o servicios que ofrecemos; de nuestras pr\u00e1cticas de Privacidad; de cambios en nuestro modelo de negocio o por otras causas. Nos comprometemos a mantenerlo informado sobre los cambios que pueda sufrir el presente Aviso de Privacidad, por lo que le recomendamos ingresar peri\u00f3dicamente a nuestro portal de internet: www.mocell.mx y para cualquier duda env\u00ede un correo a El Responsable del tratamiento de sus datos personales al correo: contacto@mocell.mx<\/p>\n<p><strong>Fecha de \u00faltima Actualizaci\u00f3n:<\/strong> 08 de julio de 2024.<\/p>\n\t\t<\/div>\n\t\t[\/vc_column][\/vc_row]<\/p>\n<\/div>","protected":false},"excerpt":{"rendered":"<p>[vc_row][vc_column][\/vc_column][\/vc_row]<\/p>\n","protected":false},"author":1,"featured_media":0,"parent":0,"menu_order":0,"comment_status":"closed","ping_status":"closed","template":"","meta":{"footnotes":""},"class_list":["post-9684","page","type-page","status-publish","hentry"],"_links":{"self":[{"href":"https:\/\/mocell.mx\/webinars\/wp-json\/wp\/v2\/pages\/9684","targetHints":{"allow":["GET"]}}],"collection":[{"href":"https:\/\/mocell.mx\/webinars\/wp-json\/wp\/v2\/pages"}],"about":[{"href":"https:\/\/mocell.mx\/webinars\/wp-json\/wp\/v2\/types\/page"}],"author":[{"embeddable":true,"href":"https:\/\/mocell.mx\/webinars\/wp-json\/wp\/v2\/users\/1"}],"replies":[{"embeddable":true,"href":"https:\/\/mocell.mx\/webinars\/wp-json\/wp\/v2\/comments?post=9684"}],"version-history":[{"count":3,"href":"https:\/\/mocell.mx\/webinars\/wp-json\/wp\/v2\/pages\/9684\/revisions"}],"predecessor-version":[{"id":9687,"href":"https:\/\/mocell.mx\/webinars\/wp-json\/wp\/v2\/pages\/9684\/revisions\/9687"}],"wp:attachment":[{"href":"https:\/\/mocell.mx\/webinars\/wp-json\/wp\/v2\/media?parent=9684"}],"curies":[{"name":"wp","href":"https:\/\/api.w.org\/{rel}","templated":true}]}}